{"id":9724,"date":"2018-12-07T09:03:37","date_gmt":"2018-12-07T08:03:37","guid":{"rendered":"https:\/\/blog.langlion.com\/pl\/?page_id=9724"},"modified":"2023-08-28T12:11:36","modified_gmt":"2023-08-28T11:11:36","slug":"kalendarz-wydarzen","status":"publish","type":"page","link":"https:\/\/blog.langlion.com\/pl\/kalendarz-wydarzen\/","title":{"rendered":"Kalendarz wydarze\u0144"},"content":{"rendered":"<p>Je\u015bli nie widzisz swojego eventu, b\u0105d\u017a eventu, kt\u00f3rym jeste\u015b zainteresowany, a chcia\u0142by\u015b \u017ceby znalaz\u0142 si\u0119 w naszym kalendarzu pisz do nas na <a href=\"mailto:marketing@langlion.com\">marketing@langlion.com<\/a>.<\/p>\n","protected":false},"excerpt":{"rendered":"<p>Je\u015bli nie widzisz swojego eventu, b\u0105d\u017a eventu, kt\u00f3rym jeste\u015b zainteresowany, a chcia\u0142by\u015b \u017ceby znalaz\u0142 si\u0119 w naszym kalendarzu pisz do [&hellip;]<\/p>\n","protected":false},"author":5,"featured_media":0,"parent":0,"menu_order":0,"comment_status":"closed","ping_status":"closed","template":"events.php","meta":{"_mo_disable_npp":"","footnotes":""},"_links":{"self":[{"href":"https:\/\/blog.langlion.com\/pl\/wp-json\/wp\/v2\/pages\/9724"}],"collection":[{"href":"https:\/\/blog.langlion.com\/pl\/wp-json\/wp\/v2\/pages"}],"about":[{"href":"https:\/\/blog.langlion.com\/pl\/wp-json\/wp\/v2\/types\/page"}],"author":[{"embeddable":true,"href":"https:\/\/blog.langlion.com\/pl\/wp-json\/wp\/v2\/users\/5"}],"replies":[{"embeddable":true,"href":"https:\/\/blog.langlion.com\/pl\/wp-json\/wp\/v2\/comments?post=9724"}],"version-history":[{"count":9,"href":"https:\/\/blog.langlion.com\/pl\/wp-json\/wp\/v2\/pages\/9724\/revisions"}],"predecessor-version":[{"id":13888,"href":"https:\/\/blog.langlion.com\/pl\/wp-json\/wp\/v2\/pages\/9724\/revisions\/13888"}],"wp:attachment":[{"href":"https:\/\/blog.langlion.com\/pl\/wp-json\/wp\/v2\/media?parent=9724"}],"curies":[{"name":"wp","href":"https:\/\/api.w.org\/{rel}","templated":true}]}}