{"id":9153,"date":"2024-11-12T13:52:00","date_gmt":"2024-11-12T12:52:00","guid":{"rendered":"https:\/\/blog.langlion.com\/pl\/?page_id=9153"},"modified":"2025-04-23T14:31:24","modified_gmt":"2025-04-23T13:31:24","slug":"jak-prowadzic-marketing-w-mediach-spolecznosciowych","status":"publish","type":"page","link":"https:\/\/blog.langlion.com\/pl\/jak-prowadzic-marketing-w-mediach-spolecznosciowych\/","title":{"rendered":"Social media dla szko\u0142y j\u0119zykowej"},"content":{"rendered":"<p>Wsp\u00f3\u0142czesny klient oczekuje wi\u0119kszej obecno\u015bci marki w swoim \u017cyciu oraz zaanga\u017cowania w miejscach, w kt\u00f3rych lubi sp\u0119dza\u0107 czas. Przed zakupem kursu j\u0119zykowego dok\u0142adnie przeanalizuje szko\u0142\u0119, poprosi znajomych o opini\u0119, sprawdzi j\u0105 w wyszukiwarce oraz przejrzy profil szko\u0142y na Facebooku.<\/p>\n<p>Media spo\u0142eczno\u015bciowe to \u015bwietny spos\u00f3b na komunikacj\u0119 ze swoimi kursantami, budowanie relacji i tworzenie zaanga\u017cowanej spo\u0142eczno\u015bci wok\u00f3\u0142 szko\u0142y j\u0119zykowej.<\/p>\n<h4>Dowiedz si\u0119, jak efektywnie wykorzysta\u0107 social media dla szko\u0142y j\u0119zykowej i przyci\u0105gn\u0105\u0107 nowych kursant\u00f3w dzi\u0119ki naszemu e-bookowi.<\/h4>\n\n<p>Zanim kursant zdecyduje si\u0119 na nauk\u0119 w Twojej szkole j\u0119zykowej, chce najpierw lepiej Ci\u0119 pozna\u0107. Dzi\u0119ki mediom spo\u0142eczno\u015bciowym to zadanie staje si\u0119 prostsze, zw\u0142aszcza je\u015bli potrafisz efektywnie wykorzysta\u0107 te narz\u0119dzia.<\/p>\n<p>Badania WifiTalents pokazuj\u0105, \u017ce:<\/p>\n<ul>\n<li>54% uczni\u00f3w szk\u00f3\u0142 \u015brednich i 64% student\u00f3w rozmawia o edukacji na Instagramie.<\/li>\n<li>75% nauczycieli uwa\u017ca, \u017ce media spo\u0142eczno\u015bciowe zwi\u0119kszaj\u0105 ich zdolno\u015b\u0107 do interakcji z rodzicami i uczniami.<\/li>\n<\/ul>\n<p>To wyra\u017anie pokazuje, jak wa\u017cne s\u0105 social media dla szko\u0142y j\u0119zykowej oraz jak ogromny maj\u0105 wp\u0142yw na bran\u017c\u0119 edukacji. Je\u015bli nie wykorzystujesz pe\u0142nego potencja\u0142u, jaki daj\u0105 media spo\u0142eczno\u015bciowe, tracisz szans\u0119 na dotarcie do nowych kursant\u00f3w i budowanie silnej spo\u0142eczno\u015bci wok\u00f3\u0142 Twojej szko\u0142y.<\/p>\n<h4><strong>Dlaczego social media s\u0105 kluczowe dla Twojej szko\u0142y j\u0119zykowej?<\/strong><\/h4>\n<p>Czy wiesz, \u017ce a\u017c 28 milion\u00f3w Polak\u00f3w aktywnie korzysta z medi\u00f3w spo\u0142eczno\u015bciowych? To dane z stycznia 2024 roku, kt\u00f3re pokazuj\u0105, \u017ce 68,8% naszej populacji sp\u0119dza czas na platformach takich jak Facebook, Instagram czy LinkedIn. To wi\u0119cej ni\u017c \u015brednia \u015bwiatowa wynosz\u0105ca oko\u0142o 63%!<\/p>\n<p>Ale to nie wszystko. Liczba u\u017cytkownik\u00f3w social medi\u00f3w w Polsce wzros\u0142a o 400 tysi\u0119cy w ci\u0105gu ostatniego roku (Raport Digital Poland &#8211; Social Media w Polsce, 2024). Je\u015bli skupimy si\u0119 na osobach pe\u0142noletnich, okazuje si\u0119, \u017ce blisko 75% doros\u0142ych Polak\u00f3w jest obecnych w mediach spo\u0142eczno\u015bciowych.<\/p>\n<p>Co to oznacza dla Twojej szko\u0142y j\u0119zykowej?<\/p>\n<ul>\n<li>Twoi potencjalni kursanci s\u0105 online: wi\u0119kszo\u015b\u0107 Twojej grupy docelowej sp\u0119dza czas w social mediach. To tam szukaj\u0105 informacji, rekomendacji i nawi\u0105zuj\u0105 kontakty.<\/li>\n<li>Mo\u017cliwo\u015b\u0107 zwi\u0119kszenia zasi\u0119gu: aktywna obecno\u015b\u0107 w mediach spo\u0142eczno\u015bciowych pozwala dotrze\u0107 do szerszego grona odbiorc\u00f3w bez ogromnych nak\u0142ad\u00f3w finansowych.<\/li>\n<li>Budowanie relacji i zaanga\u017cowania: social media umo\u017cliwiaj\u0105 bezpo\u015bredni\u0105 interakcj\u0119 z obecnymi i przysz\u0142ymi uczniami, co zwi\u0119ksza lojalno\u015b\u0107 i pozytywny wizerunek szko\u0142y.<\/li>\n<li>Przewaga nad konkurencj\u0105: wykorzystuj\u0105c efektywnie social media, mo\u017cesz wyr\u00f3\u017cni\u0107 si\u0119 na tle innych szk\u00f3\u0142, kt\u00f3re nie s\u0105 tam aktywne lub robi\u0105 to w niewystarczaj\u0105cy spos\u00f3b.<\/li>\n<\/ul>\n<h4><strong>Co zawiera nasz e-book &#8222;Social media dla szko\u0142y j\u0119zykowej&#8221;?<\/strong><\/h4>\n<ul>\n<li>Analiz\u0119 najpopularniejszych platform spo\u0142eczno\u015bciowych i ich przydatno\u015bci dla szk\u00f3\u0142 j\u0119zykowych.<\/li>\n<li>Informacje na temat podstaw marketingu w social mediach.<\/li>\n<li>Przyk\u0142adowe narz\u0119dzia, kt\u00f3re mo\u017cesz wykorzysta\u0107 w codziennej pracy z social mediami.<\/li>\n<li>Pomys\u0142y na tworzenie anga\u017cuj\u0105cych tre\u015bci, kt\u00f3re przyci\u0105gn\u0105 uwag\u0119 i zach\u0119c\u0105 do interakcji.<\/li>\n<li>Praktyczne wskaz\u00f3wki dotycz\u0105ce p\u0142atnych reklam w mediach spo\u0142eczno\u015bciowych.<\/li>\n<li>Mn\u00f3stwo aktualnych danych i informacji dotycz\u0105cych social medi\u00f3w w Polsce.<\/li>\n<\/ul>\n<h4><strong>Chcesz dowiedzie\u0107 si\u0119 wi\u0119cej?<\/strong><\/h4>\n<p>Pobierz nasz e-book\u00a0<strong>&#8222;Social media dla szko\u0142y j\u0119zykowej&#8221;<\/strong> i odkryj, jak skutecznie wykorzysta\u0107 media spo\u0142eczno\u015bciowe w promocji Twojej szko\u0142y.<\/p>\n","protected":false},"excerpt":{"rendered":"<p>Wsp\u00f3\u0142czesny klient oczekuje wi\u0119kszej obecno\u015bci marki w swoim \u017cyciu oraz zaanga\u017cowania w miejscach, w kt\u00f3rych lubi sp\u0119dza\u0107 czas. Przed zakupem [&hellip;]<\/p>\n","protected":false},"author":22,"featured_media":0,"parent":0,"menu_order":0,"comment_status":"closed","ping_status":"closed","template":"landing.php","meta":{"_mo_disable_npp":"","footnotes":""},"_links":{"self":[{"href":"https:\/\/blog.langlion.com\/pl\/wp-json\/wp\/v2\/pages\/9153"}],"collection":[{"href":"https:\/\/blog.langlion.com\/pl\/wp-json\/wp\/v2\/pages"}],"about":[{"href":"https:\/\/blog.langlion.com\/pl\/wp-json\/wp\/v2\/types\/page"}],"author":[{"embeddable":true,"href":"https:\/\/blog.langlion.com\/pl\/wp-json\/wp\/v2\/users\/22"}],"replies":[{"embeddable":true,"href":"https:\/\/blog.langlion.com\/pl\/wp-json\/wp\/v2\/comments?post=9153"}],"version-history":[{"count":22,"href":"https:\/\/blog.langlion.com\/pl\/wp-json\/wp\/v2\/pages\/9153\/revisions"}],"predecessor-version":[{"id":16156,"href":"https:\/\/blog.langlion.com\/pl\/wp-json\/wp\/v2\/pages\/9153\/revisions\/16156"}],"wp:attachment":[{"href":"https:\/\/blog.langlion.com\/pl\/wp-json\/wp\/v2\/media?parent=9153"}],"curies":[{"name":"wp","href":"https:\/\/api.w.org\/{rel}","templated":true}]}}