{"id":6086,"date":"2025-03-20T08:34:42","date_gmt":"2025-03-20T07:34:42","guid":{"rendered":"https:\/\/blog.langlion.com\/pl\/?page_id=6086"},"modified":"2026-03-25T15:29:54","modified_gmt":"2026-03-25T14:29:54","slug":"trzeci-e-book-langlion","status":"publish","type":"page","link":"https:\/\/blog.langlion.com\/pl\/trzeci-e-book-langlion\/","title":{"rendered":"Jak zdoby\u0107 i zatrzyma\u0107 s\u0142uchaczy w szkole j\u0119zykowej?"},"content":{"rendered":"<h4>Chcesz nie tylko skutecznie pozyskiwa\u0107 nowych kursant\u00f3w, lecz tak\u017ce sprawi\u0107, by zostali na kolejny semestr?<\/h4>\n<p data-start=\"353\" data-end=\"587\">W tym ebooku znajdziesz <strong>sprawdzone sposoby na<\/strong> <strong data-start=\"524\" data-end=\"576\">pozyskiwanie, utrzymanie i aktywizacj\u0119 by\u0142ych kursant\u00f3w<\/strong> \u2013 bez tracenia bud\u017cetu na nieskuteczne reklamy!<\/p>\n<h4><strong>\ud83d\udce9 Pobierz ebook za darmo!<\/strong><\/h4>\n<p>Nie czekaj \u2013 dowiedz si\u0119, jak skutecznie rozwija\u0107 swoj\u0105 szko\u0142\u0119 j\u0119zykow\u0105! <\/p>\n<h4 data-start=\"628\" data-end=\"664\"><img loading=\"lazy\" decoding=\"async\" class=\"alignnone size-full wp-image-15966\" src=\"https:\/\/blog.langlion.com\/pl\/wp-content\/uploads\/2025\/03\/f2f6fa.png\" alt=\"tablet darmowy ebook Jak zdoby\u0107 i zatrzyma\u0107 s\u0142uchaczy w szkole j\u0119zykowej?\" width=\"1024\" height=\"576\" \/><\/h4>\n<h4 data-start=\"628\" data-end=\"664\"><strong data-start=\"635\" data-end=\"662\">Co znajdziesz w ebooku?<\/strong><\/h4>\n<p data-start=\"665\" data-end=\"1516\"><strong data-start=\"668\" data-end=\"707\">\u2705 Jak dotrze\u0107 do idealnych kursant\u00f3w?<\/strong> \u2013 Poznaj skuteczne metody identyfikacji grupy docelowej i dostosowania do niej oferty.<br data-start=\"794\" data-end=\"797\" \/><strong data-start=\"800\" data-end=\"825\">\u2705 Mapa podr\u00f3\u017cy kursanta<\/strong> \u2013 Sprawd\u017a, jak wygl\u0105da \u015bcie\u017cka klienta w Twojej szkole i jak j\u0105 ulepszy\u0107, aby wi\u0119cej os\u00f3b decydowa\u0142o si\u0119 na kontynuacj\u0119 nauki.<br data-start=\"952\" data-end=\"955\" \/><strong data-start=\"958\" data-end=\"998\">\u2705 Jak skutecznie pozyskiwa\u0107 kursant\u00f3w?<\/strong> \u2013 Poznaj najefektywniejsze kana\u0142y promocji, marketing tre\u015bci, reklamy oraz strategie sprzeda\u017cowe.<br data-start=\"1096\" data-end=\"1099\" \/><strong data-start=\"1102\" data-end=\"1140\">\u2705 Jak zatrzyma\u0107 kursant\u00f3w na d\u0142u\u017cej?<\/strong> \u2013 Dowiedz si\u0119, jak budowa\u0107 lojalno\u015b\u0107 i anga\u017cowa\u0107 s\u0142uchaczy poprzez warto\u015bciowe tre\u015bci, komunikacj\u0119 i dodatkowe benefity.<br data-start=\"1261\" data-end=\"1264\" \/><strong data-start=\"1267\" data-end=\"1301\">\u2705 Jak odzyska\u0107 by\u0142ych kursant\u00f3w?<\/strong> \u2013 Sprawdzone techniki reaktywacji by\u0142ych uczni\u00f3w dzi\u0119ki ofertom specjalnym i inteligentnej komunikacji.<br data-start=\"1405\" data-end=\"1408\" \/><strong data-start=\"1411\" data-end=\"1440\" data-is-only-node=\"\">\u2705 Gotowa checklista dzia\u0142a\u0144<\/strong> \u2013 Krok po kroku wdro\u017cysz skuteczne rozwi\u0105zania w swojej szkole j\u0119zykowej!<\/p>\n<h4><strong>Chcesz dowiedzie\u0107 si\u0119 wi\u0119cej?<\/strong><\/h4>\n<p>Pobierz darmowy ebook <em>&#8222;Jak zdoby\u0107 i zatrzyma\u0107 s\u0142uchaczy w szkole j\u0119zykowej?&#8221;<\/em> ju\u017c teraz! Nie pozw\u00f3l, by konkurencja przej\u0119\u0142a Twoich kursant\u00f3w! <\/p>\n","protected":false},"excerpt":{"rendered":"<p>Chcesz nie tylko skutecznie pozyskiwa\u0107 nowych kursant\u00f3w, lecz tak\u017ce sprawi\u0107, by zostali na kolejny semestr? W tym ebooku znajdziesz sprawdzone [&hellip;]<\/p>\n","protected":false},"author":22,"featured_media":0,"parent":0,"menu_order":0,"comment_status":"open","ping_status":"open","template":"landing.php","meta":{"_mo_disable_npp":"","footnotes":""},"_links":{"self":[{"href":"https:\/\/blog.langlion.com\/pl\/wp-json\/wp\/v2\/pages\/6086"}],"collection":[{"href":"https:\/\/blog.langlion.com\/pl\/wp-json\/wp\/v2\/pages"}],"about":[{"href":"https:\/\/blog.langlion.com\/pl\/wp-json\/wp\/v2\/types\/page"}],"author":[{"embeddable":true,"href":"https:\/\/blog.langlion.com\/pl\/wp-json\/wp\/v2\/users\/22"}],"replies":[{"embeddable":true,"href":"https:\/\/blog.langlion.com\/pl\/wp-json\/wp\/v2\/comments?post=6086"}],"version-history":[{"count":19,"href":"https:\/\/blog.langlion.com\/pl\/wp-json\/wp\/v2\/pages\/6086\/revisions"}],"predecessor-version":[{"id":18124,"href":"https:\/\/blog.langlion.com\/pl\/wp-json\/wp\/v2\/pages\/6086\/revisions\/18124"}],"wp:attachment":[{"href":"https:\/\/blog.langlion.com\/pl\/wp-json\/wp\/v2\/media?parent=6086"}],"curies":[{"name":"wp","href":"https:\/\/api.w.org\/{rel}","templated":true}]}}