{"id":3852,"date":"2015-11-17T12:02:57","date_gmt":"2015-11-17T11:02:57","guid":{"rendered":"https:\/\/blog.langlion.com\/pl\/?page_id=3852"},"modified":"2025-10-06T11:25:54","modified_gmt":"2025-10-06T10:25:54","slug":"newsletter","status":"publish","type":"page","link":"https:\/\/blog.langlion.com\/pl\/newsletter\/","title":{"rendered":"Chcesz by\u0107 na bie\u017c\u0105co z bran\u017c\u0105 edukacji j\u0119zykowej?"},"content":{"rendered":"\n<h3 class=\"wp-block-heading has-text-align-center\">Newsletter LangLion \u2013 prosto do Twojej skrzynki!<\/h3>\n\n\n<div id=\"newsletter-subscribe\" class=\"box newsletter newsletter-white newsletter-sub ll-form-wrapper\">\n    <div class=\"box-rainbow\"><\/div>\n    <div class=\"box-content\">\n            <\/div>\n<\/div>\n","protected":false},"excerpt":{"rendered":"<p>Newsletter LangLion \u2013 prosto do Twojej skrzynki!<\/p>\n","protected":false},"author":5,"featured_media":0,"parent":0,"menu_order":0,"comment_status":"closed","ping_status":"closed","template":"landing.php","meta":{"_mo_disable_npp":"","footnotes":""},"_links":{"self":[{"href":"https:\/\/blog.langlion.com\/pl\/wp-json\/wp\/v2\/pages\/3852"}],"collection":[{"href":"https:\/\/blog.langlion.com\/pl\/wp-json\/wp\/v2\/pages"}],"about":[{"href":"https:\/\/blog.langlion.com\/pl\/wp-json\/wp\/v2\/types\/page"}],"author":[{"embeddable":true,"href":"https:\/\/blog.langlion.com\/pl\/wp-json\/wp\/v2\/users\/5"}],"replies":[{"embeddable":true,"href":"https:\/\/blog.langlion.com\/pl\/wp-json\/wp\/v2\/comments?post=3852"}],"version-history":[{"count":21,"href":"https:\/\/blog.langlion.com\/pl\/wp-json\/wp\/v2\/pages\/3852\/revisions"}],"predecessor-version":[{"id":17413,"href":"https:\/\/blog.langlion.com\/pl\/wp-json\/wp\/v2\/pages\/3852\/revisions\/17413"}],"wp:attachment":[{"href":"https:\/\/blog.langlion.com\/pl\/wp-json\/wp\/v2\/media?parent=3852"}],"curies":[{"name":"wp","href":"https:\/\/api.w.org\/{rel}","templated":true}]}}