{"id":3176,"date":"2015-06-26T13:52:18","date_gmt":"2015-06-26T12:52:18","guid":{"rendered":"https:\/\/blog.langlion.com\/pl\/?page_id=3176"},"modified":"2018-03-09T14:57:31","modified_gmt":"2018-03-09T13:57:31","slug":"ebook-2","status":"publish","type":"page","link":"https:\/\/blog.langlion.com\/pl\/ebook-2\/","title":{"rendered":"Drugi E-book LangLion"},"content":{"rendered":"<h4>Chcesz skutecznie reklamowa\u0107 swoj\u0105 szko\u0142\u0119 j\u0119zykow\u0105 w internecie, ale nie do ko\u0144ca wiesz jak to zrobi\u0107?<\/h4>\n<p>Z publikacj\u0105 LangLion dowiesz si\u0119, jak dzi\u0119ki nowoczesnej reklamie online \u0142atwo trafi\u0107 do potencjalnych klient\u00f3w i w jaki spos\u00f3b zweryfikowa\u0107 jej skuteczno\u015b\u0107. Ju\u017c dzi\u015b wypromuj swoj\u0105 szko\u0142\u0119 j\u0119zykow\u0105 w internecie z pomoc\u0105 naszego przewodnika.<\/p>\n<p><strong>Wype\u0142nij formularz<\/strong><br \/>\n<\/p>\n","protected":false},"excerpt":{"rendered":"<p>Chcesz skutecznie reklamowa\u0107 swoj\u0105 szko\u0142\u0119 j\u0119zykow\u0105 w internecie, ale nie do ko\u0144ca wiesz jak to zrobi\u0107? Z publikacj\u0105 LangLion dowiesz [&hellip;]<\/p>\n","protected":false},"author":5,"featured_media":0,"parent":0,"menu_order":0,"comment_status":"open","ping_status":"open","template":"landing.php","meta":{"_mo_disable_npp":"","footnotes":""},"_links":{"self":[{"href":"https:\/\/blog.langlion.com\/pl\/wp-json\/wp\/v2\/pages\/3176"}],"collection":[{"href":"https:\/\/blog.langlion.com\/pl\/wp-json\/wp\/v2\/pages"}],"about":[{"href":"https:\/\/blog.langlion.com\/pl\/wp-json\/wp\/v2\/types\/page"}],"author":[{"embeddable":true,"href":"https:\/\/blog.langlion.com\/pl\/wp-json\/wp\/v2\/users\/5"}],"replies":[{"embeddable":true,"href":"https:\/\/blog.langlion.com\/pl\/wp-json\/wp\/v2\/comments?post=3176"}],"version-history":[{"count":16,"href":"https:\/\/blog.langlion.com\/pl\/wp-json\/wp\/v2\/pages\/3176\/revisions"}],"predecessor-version":[{"id":9006,"href":"https:\/\/blog.langlion.com\/pl\/wp-json\/wp\/v2\/pages\/3176\/revisions\/9006"}],"wp:attachment":[{"href":"https:\/\/blog.langlion.com\/pl\/wp-json\/wp\/v2\/media?parent=3176"}],"curies":[{"name":"wp","href":"https:\/\/api.w.org\/{rel}","templated":true}]}}