{"id":3021,"date":"2015-05-21T09:42:39","date_gmt":"2015-05-21T08:42:39","guid":{"rendered":"https:\/\/blog.langlion.com\/pl\/?page_id=3021"},"modified":"2018-03-09T14:57:21","modified_gmt":"2018-03-09T13:57:21","slug":"ebook","status":"publish","type":"page","link":"https:\/\/blog.langlion.com\/pl\/ebook\/","title":{"rendered":"Pierwszy E-book LangLion"},"content":{"rendered":"<h4>Chcesz skutecznie prowadzi\u0107 marketing internetowy w szkole j\u0119zykowej?<\/h4>\n<p>Z publikacj\u0105 LangLion dowiesz si\u0119, jak rozpocz\u0105\u0107 skuteczne dzia\u0142ania w internecie. Droga do sukcesu bywa d\u0142uga i nie zawsze us\u0142ana r\u00f3\u017cami, rozpocznij j\u0105 ju\u017c dzi\u015b z pomoc\u0105 naszej publikacji. Zapraszamy do lektury.<\/p>\n<p><strong>Wype\u0142nij formularz<\/strong><br \/>\n<\/p>\n","protected":false},"excerpt":{"rendered":"<p>Chcesz skutecznie prowadzi\u0107 marketing internetowy w szkole j\u0119zykowej? Z publikacj\u0105 LangLion dowiesz si\u0119, jak rozpocz\u0105\u0107 skuteczne dzia\u0142ania w internecie. Droga [&hellip;]<\/p>\n","protected":false},"author":5,"featured_media":0,"parent":0,"menu_order":0,"comment_status":"open","ping_status":"open","template":"landing.php","meta":{"_mo_disable_npp":"","footnotes":""},"_links":{"self":[{"href":"https:\/\/blog.langlion.com\/pl\/wp-json\/wp\/v2\/pages\/3021"}],"collection":[{"href":"https:\/\/blog.langlion.com\/pl\/wp-json\/wp\/v2\/pages"}],"about":[{"href":"https:\/\/blog.langlion.com\/pl\/wp-json\/wp\/v2\/types\/page"}],"author":[{"embeddable":true,"href":"https:\/\/blog.langlion.com\/pl\/wp-json\/wp\/v2\/users\/5"}],"replies":[{"embeddable":true,"href":"https:\/\/blog.langlion.com\/pl\/wp-json\/wp\/v2\/comments?post=3021"}],"version-history":[{"count":16,"href":"https:\/\/blog.langlion.com\/pl\/wp-json\/wp\/v2\/pages\/3021\/revisions"}],"predecessor-version":[{"id":11602,"href":"https:\/\/blog.langlion.com\/pl\/wp-json\/wp\/v2\/pages\/3021\/revisions\/11602"}],"wp:attachment":[{"href":"https:\/\/blog.langlion.com\/pl\/wp-json\/wp\/v2\/media?parent=3021"}],"curies":[{"name":"wp","href":"https:\/\/api.w.org\/{rel}","templated":true}]}}