{"id":18139,"date":"2026-03-31T12:20:28","date_gmt":"2026-03-31T11:20:28","guid":{"rendered":"https:\/\/blog.langlion.com\/pl\/?page_id=18139"},"modified":"2026-03-31T12:44:00","modified_gmt":"2026-03-31T11:44:00","slug":"checklista-jak-zatrzymac-dobrych-lektorow-w-szkole-jezykowej-na-dluzej","status":"publish","type":"page","link":"https:\/\/blog.langlion.com\/pl\/checklista-jak-zatrzymac-dobrych-lektorow-w-szkole-jezykowej-na-dluzej\/","title":{"rendered":"Checklista: Jak zatrzyma\u0107 dobrych lektor\u00f3w w szkole j\u0119zykowej na d\u0142u\u017cej?"},"content":{"rendered":"\n<p>Rotacja lektor\u00f3w rzadko bierze si\u0119 z jednego du\u017cego problemu. Zwykle <strong>to efekt kilku drobnych zaniedba\u0144<\/strong>: niejasnych zasad wsp\u00f3\u0142pracy, s\u0142abego onboardingu, braku informacji zwrotnej, chaosu komunikacyjnego albo poczucia, \u017ce \u201etu nikt o mnie nie dba\u201d.<\/p>\n\n\n\n<p><strong>Ta checklista pomo\u017ce Ci szybko sprawdzi\u0107, kt\u00f3re elementy wymagaj\u0105 poprawy, zanim kolejna warto\u015bciowa osoba zdecyduje si\u0119 odej\u015b\u0107.<\/strong><\/p>\n\n\n\n<h3 class=\"wp-block-heading\"><strong>\ud83d\udce5<\/strong> <strong>Pobierz bezp\u0142atn\u0105 checklist\u0119!<\/strong><\/h3>\n\n\n\n\n\n\n\n<h3 class=\"wp-block-heading\"><strong>Ta checklista b\u0119dzie szczeg\u00f3lnie przydatna, je\u015bli:<\/strong><\/h3>\n\n\n\n<figure class=\"wp-block-image size-full\"><img loading=\"lazy\" decoding=\"async\" width=\"1024\" height=\"617\" src=\"https:\/\/blog.langlion.com\/pl\/wp-content\/uploads\/2026\/03\/Grafiki-na-bloga-2-e1774957406803.png\" alt=\"dla kogo b\u0119dzie przydatna checklista jak zatrzyma\u0107 lektora w szkole j\u0119zykowej na d\u0142u\u017cej\" class=\"wp-image-18155\"\/><\/figure>\n\n\n\n<h3 class=\"wp-block-heading\">Co zyskasz po przej\u015bciu checklisty?<\/h3>\n\n\n\n<ul>\n<li>szybciej zauwa\u017cysz s\u0142abe punkty w organizacji wsp\u00f3\u0142pracy z lektorami,<\/li>\n\n\n\n<li>wy\u0142apiesz najprostsze poprawki, kt\u00f3re mo\u017cna wdro\u017cy\u0107 od razu,<\/li>\n\n\n\n<li>uporz\u0105dkujesz procesy wp\u0142ywaj\u0105ce na zadowolenie i lojalno\u015b\u0107 zespo\u0142u,<\/li>\n\n\n\n<li>zmniejszysz ryzyko odej\u015bcia warto\u015bciowych os\u00f3b,<\/li>\n\n\n\n<li>zbudujesz szko\u0142\u0119, w kt\u00f3rej lektorzy chc\u0105 zosta\u0107 na d\u0142u\u017cej.<\/li>\n<\/ul>\n\n\n\n<h3 class=\"wp-block-heading\"><strong>\ud83d\udce5<\/strong> <strong>Pobierz\u00a0checklist\u0119\u00a0i sprawd\u017a, co warto poprawi\u0107 \u017ceby zbudowa\u0107 bardziej lojalny i zaanga\u017cowany zesp\u00f3\u0142 lektor\u00f3w<\/strong>!<\/h3>\n\n\n\n\n\n\n\n<div class=\"wp-block-columns has-background is-layout-flex wp-container-core-columns-layout-1 wp-block-columns-is-layout-flex\" style=\"background-color:#d4efff\">\n<div class=\"wp-block-column is-layout-flow wp-block-column-is-layout-flow\">\n<h3 class=\"wp-block-heading\">Dla kogo jest ta checklista?<\/h3>\n\n\n\n<ul>\n<li>dla w\u0142a\u015bcicieli szk\u00f3\u0142 j\u0119zykowych<\/li>\n\n\n\n<li>dla metodyk\u00f3w<\/li>\n\n\n\n<li>dla os\u00f3b, kt\u00f3re odpowiadaj\u0105 za zesp\u00f3\u0142 lektor\u00f3w<\/li>\n\n\n\n<li>dla manager\u00f3w i koordynator\u00f3w szk\u00f3\u0142 j\u0119zykowych<\/li>\n<\/ul>\n<\/div>\n\n\n\n<div class=\"wp-block-column is-layout-flow wp-block-column-is-layout-flow\">\n<h3 class=\"wp-block-heading\">Co znajdziesz w checkli\u015bcie?<\/h3>\n\n\n\n<ul>\n<li>7 kluczowych obszar\u00f3w, o kt\u00f3re warto zadba\u0107<\/li>\n\n\n\n<li>list\u0119 punkt\u00f3w, dzi\u0119ki kt\u00f3rym ocenisz czy Twoja szko\u0142a sprzyja d\u0142u\u017cszej wsp\u00f3\u0142pracy<\/li>\n\n\n\n<li>narz\u0119dzie, kt\u00f3re wspomo\u017ce lektor\u00f3w w codziennej organizacji pracy<\/li>\n<\/ul>\n<\/div>\n<\/div>\n","protected":false},"excerpt":{"rendered":"<p>Rotacja lektor\u00f3w rzadko bierze si\u0119 z jednego du\u017cego problemu. Zwykle to efekt kilku drobnych zaniedba\u0144: niejasnych zasad wsp\u00f3\u0142pracy, s\u0142abego onboardingu, [&hellip;]<\/p>\n","protected":false},"author":22,"featured_media":0,"parent":0,"menu_order":0,"comment_status":"closed","ping_status":"closed","template":"landing.php","meta":{"_mo_disable_npp":"","footnotes":""},"_links":{"self":[{"href":"https:\/\/blog.langlion.com\/pl\/wp-json\/wp\/v2\/pages\/18139"}],"collection":[{"href":"https:\/\/blog.langlion.com\/pl\/wp-json\/wp\/v2\/pages"}],"about":[{"href":"https:\/\/blog.langlion.com\/pl\/wp-json\/wp\/v2\/types\/page"}],"author":[{"embeddable":true,"href":"https:\/\/blog.langlion.com\/pl\/wp-json\/wp\/v2\/users\/22"}],"replies":[{"embeddable":true,"href":"https:\/\/blog.langlion.com\/pl\/wp-json\/wp\/v2\/comments?post=18139"}],"version-history":[{"count":13,"href":"https:\/\/blog.langlion.com\/pl\/wp-json\/wp\/v2\/pages\/18139\/revisions"}],"predecessor-version":[{"id":18159,"href":"https:\/\/blog.langlion.com\/pl\/wp-json\/wp\/v2\/pages\/18139\/revisions\/18159"}],"wp:attachment":[{"href":"https:\/\/blog.langlion.com\/pl\/wp-json\/wp\/v2\/media?parent=18139"}],"curies":[{"name":"wp","href":"https:\/\/api.w.org\/{rel}","templated":true}]}}