{"id":17601,"date":"2025-11-12T13:50:00","date_gmt":"2025-11-12T12:50:00","guid":{"rendered":"https:\/\/blog.langlion.com\/pl\/?page_id=17601"},"modified":"2026-02-26T14:04:11","modified_gmt":"2026-02-26T13:04:11","slug":"checklista-jak-przygotowac-szkole-jezykowa-do-wspolpracy-z-hr-i-klientem-biznesowym","status":"publish","type":"page","link":"https:\/\/blog.langlion.com\/pl\/checklista-jak-przygotowac-szkole-jezykowa-do-wspolpracy-z-hr-i-klientem-biznesowym\/","title":{"rendered":"Checklista: Jak przygotowa\u0107 szko\u0142\u0119 j\u0119zykow\u0105 do wsp\u00f3\u0142pracy z firmami?"},"content":{"rendered":"\n<p>Coraz wi\u0119cej firm szuka szk\u00f3\u0142 j\u0119zykowych, kt\u00f3re potrafi\u0105 elastycznie dopasowa\u0107 ofert\u0119 do potrzeb zespo\u0142\u00f3w i proces\u00f3w HR. Ta checklista pomo\u017ce Ci krok po kroku uporz\u0105dkowa\u0107 dzia\u0142ania i przygotowa\u0107 szko\u0142\u0119 do wsp\u00f3\u0142pracy z klientami biznesowymi.<\/p>\n\n\n\n<h3 class=\"wp-block-heading\"><strong>\ud83d\udce5<\/strong> <strong>Pobierz bezp\u0142atn\u0105\u00a0checklist\u0119!<\/strong><\/h3>\n\n\n\n\n\n\n\n<h3 class=\"wp-block-heading\"><strong>Co znajdziesz w \u015brodku?<\/strong><\/h3>\n\n\n\n<div class=\"wp-block-columns is-layout-flex wp-container-core-columns-layout-1 wp-block-columns-is-layout-flex\">\n<div class=\"wp-block-column is-layout-flow wp-block-column-is-layout-flow\">\n<ul>\n<li><strong>9 kluczowych obszar\u00f3w<\/strong>, kt\u00f3re warto uporz\u0105dkowa\u0107 przed nawi\u0105zaniem wsp\u00f3\u0142pracy z firm\u0105.<\/li>\n\n\n\n<li>List\u0119 <strong>50 praktycznych dzia\u0142a\u0144 <\/strong>do zweryfikowania i wdro\u017cenia.<\/li>\n\n\n\n<li><strong>Wskaz\u00f3wki<\/strong> dotycz\u0105ce oferty, formalno\u015bci i komunikacji z dzia\u0142em HR.<\/li>\n<\/ul>\n\n\n\n<p><strong>Zr\u00f3b pierwszy krok w stron\u0119 wsp\u00f3\u0142pracy z klientami biznesowymi &#8211; pobierz checklist\u0119 ju\u017c teraz!<\/strong><\/p>\n<\/div>\n\n\n\n<div class=\"wp-block-column is-layout-flow wp-block-column-is-layout-flow\">\n<figure class=\"wp-block-image size-full\"><img loading=\"lazy\" decoding=\"async\" width=\"800\" height=\"600\" src=\"https:\/\/blog.langlion.com\/pl\/wp-content\/uploads\/2025\/11\/Mailing_Audyt-marketingu-8.png\" alt=\"Checklista: Jak przygotowa\u0107 szko\u0142\u0119 j\u0119zykow\u0105 do wsp\u00f3\u0142pracy z HR i klientem biznesowym?\" class=\"wp-image-17629\"\/><\/figure>\n<\/div>\n<\/div>\n\n\n\n<h3 class=\"wp-block-heading\"><strong>Dla kogo jest ta checklista?<\/strong><\/h3>\n\n\n\n<p>Dla w\u0142a\u015bcicieli i manager\u00f3w szk\u00f3\u0142 j\u0119zykowych, kt\u00f3rzy:<\/p>\n\n\n\n<ul>\n<li>chc\u0105 wej\u015b\u0107 w segment B2B i pozyskiwa\u0107 klient\u00f3w firmowych,<\/li>\n\n\n\n<li>ju\u017c wsp\u00f3\u0142pracuj\u0105 z biznesem, ale chc\u0105 uporz\u0105dkowa\u0107 procesy,<\/li>\n\n\n\n<li>planuj\u0105 rozwin\u0105\u0107 ofert\u0119 dla zespo\u0142\u00f3w i dzia\u0142\u00f3w HR.<\/li>\n<\/ul>\n\n\n\n<p><strong>Pobierz&nbsp;checklist\u0119&nbsp;i upewnij si\u0119, \u017ce Twoja szko\u0142a jest w pe\u0142ni gotowa na rynek B2B<\/strong>! Z naszym narz\u0119dziem zyskasz pewno\u015b\u0107, uporz\u0105dkujesz procesy i zdob\u0119dziesz przewag\u0119 w kontaktach z klientami biznesowymi. \ud83d\udc47<\/p>\n\n\n\n\n","protected":false},"excerpt":{"rendered":"<p>Coraz wi\u0119cej firm szuka szk\u00f3\u0142 j\u0119zykowych, kt\u00f3re potrafi\u0105 elastycznie dopasowa\u0107 ofert\u0119 do potrzeb zespo\u0142\u00f3w i proces\u00f3w HR. Ta checklista pomo\u017ce [&hellip;]<\/p>\n","protected":false},"author":21,"featured_media":0,"parent":0,"menu_order":0,"comment_status":"closed","ping_status":"closed","template":"landing.php","meta":{"_mo_disable_npp":"","footnotes":""},"_links":{"self":[{"href":"https:\/\/blog.langlion.com\/pl\/wp-json\/wp\/v2\/pages\/17601"}],"collection":[{"href":"https:\/\/blog.langlion.com\/pl\/wp-json\/wp\/v2\/pages"}],"about":[{"href":"https:\/\/blog.langlion.com\/pl\/wp-json\/wp\/v2\/types\/page"}],"author":[{"embeddable":true,"href":"https:\/\/blog.langlion.com\/pl\/wp-json\/wp\/v2\/users\/21"}],"replies":[{"embeddable":true,"href":"https:\/\/blog.langlion.com\/pl\/wp-json\/wp\/v2\/comments?post=17601"}],"version-history":[{"count":29,"href":"https:\/\/blog.langlion.com\/pl\/wp-json\/wp\/v2\/pages\/17601\/revisions"}],"predecessor-version":[{"id":18142,"href":"https:\/\/blog.langlion.com\/pl\/wp-json\/wp\/v2\/pages\/17601\/revisions\/18142"}],"wp:attachment":[{"href":"https:\/\/blog.langlion.com\/pl\/wp-json\/wp\/v2\/media?parent=17601"}],"curies":[{"name":"wp","href":"https:\/\/api.w.org\/{rel}","templated":true}]}}