{"id":15065,"date":"2025-12-05T16:07:55","date_gmt":"2025-12-05T15:07:55","guid":{"rendered":"https:\/\/blog.langlion.com\/pl\/?page_id=15065"},"modified":"2025-12-05T16:07:57","modified_gmt":"2025-12-05T15:07:57","slug":"kalendarz-swiat-i-okazji-2025-dla-szkoly-jezykowej","status":"publish","type":"page","link":"https:\/\/blog.langlion.com\/pl\/kalendarz-swiat-i-okazji-2025-dla-szkoly-jezykowej\/","title":{"rendered":"Kalendarz wydarze\u0144 j\u0119zykowych 2026"},"content":{"rendered":"\n<h3 class=\"wp-block-heading\">\ud83d\udca1 <strong>Tw\u00f3j plan na 2026 rok pe\u0142en inspiracji!<\/strong><\/h3>\n\n\n\n<p>Stworzony z my\u015bl\u0105 o lektorach i w\u0142a\u015bcicielach szk\u00f3\u0142 j\u0119zykowych,<strong> Kalendarz na 2026 rok<\/strong> to Tw\u00f3j nieoceniony pomocnik w planowaniu wyj\u0105tkowych zaj\u0119\u0107 i wydarze\u0144 tematycznych przez ca\u0142y rok.<\/p>\n\n\n\n<p>Odkryj, jak \u0142atwo mo\u017cesz zorganizowa\u0107 ciekawe wydarzenie i zaanga\u017cowa\u0107 kursant\u00f3w!<\/p>\n\n\n\n<p class=\"has-medium-font-size\"><strong>Wype\u0142nij formularz i pobierz bezp\u0142atny ebook!<\/strong><br><\/p>\n\n\n\n<figure class=\"wp-block-image size-large\"><img loading=\"lazy\" decoding=\"async\" width=\"1024\" height=\"451\" src=\"https:\/\/blog.langlion.com\/pl\/wp-content\/uploads\/2025\/12\/ADS-1200x628-1-1-1024x451.png\" alt=\"ebook Kalendarz wydarze\u0144 j\u0119zykowych 2026\" class=\"wp-image-17721\"\/><\/figure>\n\n\n\n<h3 class=\"wp-block-heading\"><strong>Co znajdziesz w kalendarzu event\u00f3w j\u0119zykowych?<\/strong><\/h3>\n\n\n\n<p>\u2705 <strong>Najwa\u017cniejsze \u015bwi\u0119ta i nietypowe okazje<\/strong> \u2013 od klasycznych \u015bwi\u0105t jak Walentynki czy Halloween, po nietuzinkowe dni jak Mi\u0119dzynarodowy Dzie\u0144 Muzyki czy \u015awiatowy Dzie\u0144 Czekolady.<br>\u2705 <strong>Gotowe pomys\u0142y na zaj\u0119cia tematyczne<\/strong> \u2013 kreatywne warsztaty dopasowane do ka\u017cdej okazji, kt\u00f3re wzbogac\u0105 ofert\u0119 Twojej szko\u0142y.<br>\u2705 <strong>Inspiracje na wydarzenia specjalne<\/strong> \u2013 propozycje anga\u017cuj\u0105cych event\u00f3w, kt\u00f3re przyci\u0105gn\u0105 nowych kursant\u00f3w i urozmaic\u0105 codzienn\u0105 rutyn\u0119.<br>\u2705 <strong>Przydatne wskaz\u00f3wki organizacyjne<\/strong> w formie listy gotowych aktywno\u015bci oraz checklisty promocji wydarzenia.<\/p>\n\n\n\n<h3 class=\"wp-block-heading\"><strong>Dlaczego warto go mie\u0107?<\/strong><\/h3>\n\n\n\n<p>\ud83d\udccc <strong>Oszcz\u0119dno\u015b\u0107 czasu<\/strong> \u2013 wszystkie pomys\u0142y i inspiracje w jednym miejscu, gotowe do wykorzystania.<br>\ud83d\udccc <strong>Wi\u0119ksze zaanga\u017cowanie kursant\u00f3w<\/strong> \u2013 tematyczne lekcje zwi\u0119kszaj\u0105 motywacj\u0119 do nauki i buduj\u0105 pozytywne relacje.<br>\ud83d\udccc <strong>Wsparcie Twojego marketingu<\/strong> \u2013 wydarzenia tematyczne to \u015bwietna okazja do promocji szko\u0142y i przyci\u0105gania nowych uczni\u00f3w.<br>\ud83d\udccc <strong>\u0141atwe planowanie<\/strong> \u2013 kalendarz pomaga w przygotowaniu z wyprzedzeniem, dzi\u0119ki czemu zawsze jeste\u015b o krok do przodu.<\/p>\n\n\n\n<h3 class=\"wp-block-heading\"><strong>Gotowy na inspiruj\u0105cy 2026 rok?<\/strong><\/h3>\n\n\n\n<p><strong>Pobierz<\/strong> <strong>Kalendarz \u015awi\u0105t i Okazji dla szko\u0142y j\u0119zykowej na 2026 rok<\/strong> i wprowad\u017a powiew \u015bwie\u017co\u015bci do swoich lekcji i dzia\u0142a\u0144 marketingowych! \ud83d\udcc5<\/p>\n\n\n\n<p><br><\/p>\n","protected":false},"excerpt":{"rendered":"<p>\ud83d\udca1 Tw\u00f3j plan na 2026 rok pe\u0142en inspiracji! Stworzony z my\u015bl\u0105 o lektorach i w\u0142a\u015bcicielach szk\u00f3\u0142 j\u0119zykowych, Kalendarz na 2026 [&hellip;]<\/p>\n","protected":false},"author":21,"featured_media":0,"parent":0,"menu_order":0,"comment_status":"closed","ping_status":"closed","template":"landing.php","meta":{"_mo_disable_npp":"","footnotes":""},"_links":{"self":[{"href":"https:\/\/blog.langlion.com\/pl\/wp-json\/wp\/v2\/pages\/15065"}],"collection":[{"href":"https:\/\/blog.langlion.com\/pl\/wp-json\/wp\/v2\/pages"}],"about":[{"href":"https:\/\/blog.langlion.com\/pl\/wp-json\/wp\/v2\/types\/page"}],"author":[{"embeddable":true,"href":"https:\/\/blog.langlion.com\/pl\/wp-json\/wp\/v2\/users\/21"}],"replies":[{"embeddable":true,"href":"https:\/\/blog.langlion.com\/pl\/wp-json\/wp\/v2\/comments?post=15065"}],"version-history":[{"count":34,"href":"https:\/\/blog.langlion.com\/pl\/wp-json\/wp\/v2\/pages\/15065\/revisions"}],"predecessor-version":[{"id":17726,"href":"https:\/\/blog.langlion.com\/pl\/wp-json\/wp\/v2\/pages\/15065\/revisions\/17726"}],"wp:attachment":[{"href":"https:\/\/blog.langlion.com\/pl\/wp-json\/wp\/v2\/media?parent=15065"}],"curies":[{"name":"wp","href":"https:\/\/api.w.org\/{rel}","templated":true}]}}