{"id":14458,"date":"2024-07-26T10:10:08","date_gmt":"2024-07-26T09:10:08","guid":{"rendered":"https:\/\/blog.langlion.com\/pl\/?page_id=14458"},"modified":"2025-08-05T15:18:57","modified_gmt":"2025-08-05T14:18:57","slug":"samodzielny-audyt-marketingu-szkoly-jezykowej","status":"publish","type":"page","link":"https:\/\/blog.langlion.com\/pl\/samodzielny-audyt-marketingu-szkoly-jezykowej\/","title":{"rendered":"Samodzielny audyt marketingu szko\u0142y j\u0119zykowej"},"content":{"rendered":"\n<p><strong>\u2192<\/strong> <strong>Otwierasz szko\u0142\u0119 j\u0119zykow\u0105, ale marketing jest dla Ciebie czarn\u0105 magi\u0105?<br>\u2192<\/strong> <strong>Prowadzisz ju\u017c dzia\u0142ania, jednak nie wiesz czy przynosz\u0105 po\u017c\u0105dany efekt?<br><strong>\u2192<\/strong><\/strong> <strong>A mo\u017ce szukasz pomys\u0142\u00f3w na rozwini\u0119cie swojej strategii marketingowej?<\/strong><\/p>\n\n\n\n<p><span class=\"OYPEnA text-decoration-none text-strikethrough-none\">Przed Tob\u0105 checklista, dzi\u0119ki kt\u00f3rej samodzielnie i w wygodny spos\u00f3b sprawdzisz aktualne dzia\u0142ania marketingowe i poznasz obszary, nad kt\u00f3rymi warto popracowa\u0107.<\/span> Audyt b\u0119dzie r\u00f3wnie\u017c \u015bwietnym punktem wyj\u015bcia do zaplanowania lub aktualizacji Twojej strategii marketingowej i znalezienia kierunk\u00f3w dzia\u0142a\u0144, dzi\u0119ki kt\u00f3rym zdob\u0119dziesz nowych kursant\u00f3w.<\/p>\n\n\n\n<p><strong>Popraw sw\u00f3j marketing ju\u017c dzi\u015b!<\/strong><br><\/p>\n\n\n\n<div class=\"wp-block-columns is-layout-flex wp-container-core-columns-layout-1 wp-block-columns-is-layout-flex\">\n<div class=\"wp-block-column is-layout-flow wp-block-column-is-layout-flow\">\n<p>Samodzielny audyt marketingowy to:<\/p>\n\n\n\n<ul>\n<li>A\u017c <strong>15 kluczowych obszar\u00f3w<\/strong> marketingowych<\/li>\n\n\n\n<li>Ponad <strong>100 propozycji dzia\u0142a\u0144<\/strong> do przeanalizowania<\/li>\n\n\n\n<li>Checklista w wygodnym <strong>formacie PDF<\/strong> gotowa do wydruku<\/li>\n\n\n\n<li>Zestaw dzia\u0142a\u0144, kt\u00f3re pomog\u0105 Ci<strong> zbudowa\u0107 strategi\u0119 marketingow\u0105 <\/strong>Twojej szko\u0142y j\u0119zykowej od podstaw<\/li>\n<\/ul>\n\n\n\n<p>Przekonaj si\u0119, \u017ce prowadzenie dzia\u0142a\u0144 marketingowych w szkole j\u0119zykowej wcale nie musi by\u0107 trudne! Powodzenia! \ud83d\ude42 <\/p>\n<\/div>\n\n\n\n<div class=\"wp-block-column is-layout-flow wp-block-column-is-layout-flow\">\n<figure class=\"wp-block-image size-full\"><img loading=\"lazy\" decoding=\"async\" width=\"800\" height=\"800\" src=\"https:\/\/blog.langlion.com\/pl\/wp-content\/uploads\/2024\/07\/Projekt-bez-nazwy23.png\" alt=\"Samodzielny audyt marketingu szko\u0142y j\u0119zykowej\" class=\"wp-image-14551\"\/><\/figure>\n<\/div>\n<\/div>\n\n\n\n<p><strong>Wype\u0142nij formularz i pobierz bezp\u0142atny ebook!<\/strong><br><\/p>\n","protected":false},"excerpt":{"rendered":"<p>\u2192 Otwierasz szko\u0142\u0119 j\u0119zykow\u0105, ale marketing jest dla Ciebie czarn\u0105 magi\u0105?\u2192 Prowadzisz ju\u017c dzia\u0142ania, jednak nie wiesz czy przynosz\u0105 po\u017c\u0105dany [&hellip;]<\/p>\n","protected":false},"author":21,"featured_media":0,"parent":0,"menu_order":0,"comment_status":"closed","ping_status":"closed","template":"landing.php","meta":{"_mo_disable_npp":"","footnotes":""},"_links":{"self":[{"href":"https:\/\/blog.langlion.com\/pl\/wp-json\/wp\/v2\/pages\/14458"}],"collection":[{"href":"https:\/\/blog.langlion.com\/pl\/wp-json\/wp\/v2\/pages"}],"about":[{"href":"https:\/\/blog.langlion.com\/pl\/wp-json\/wp\/v2\/types\/page"}],"author":[{"embeddable":true,"href":"https:\/\/blog.langlion.com\/pl\/wp-json\/wp\/v2\/users\/21"}],"replies":[{"embeddable":true,"href":"https:\/\/blog.langlion.com\/pl\/wp-json\/wp\/v2\/comments?post=14458"}],"version-history":[{"count":37,"href":"https:\/\/blog.langlion.com\/pl\/wp-json\/wp\/v2\/pages\/14458\/revisions"}],"predecessor-version":[{"id":16966,"href":"https:\/\/blog.langlion.com\/pl\/wp-json\/wp\/v2\/pages\/14458\/revisions\/16966"}],"wp:attachment":[{"href":"https:\/\/blog.langlion.com\/pl\/wp-json\/wp\/v2\/media?parent=14458"}],"curies":[{"name":"wp","href":"https:\/\/api.w.org\/{rel}","templated":true}]}}