{"id":6355,"date":"2024-12-04T10:49:58","date_gmt":"2024-12-04T09:49:58","guid":{"rendered":"https:\/\/blog.langlion.com\/es\/?page_id=6355"},"modified":"2025-02-03T11:00:37","modified_gmt":"2025-02-03T10:00:37","slug":"calendario-de-eventos-de-idiomas","status":"publish","type":"page","link":"https:\/\/blog.langlion.com\/es\/calendario-de-eventos-de-idiomas\/","title":{"rendered":"Calendario de eventos para academias de idiomas"},"content":{"rendered":"\n<h3 class=\"wp-block-heading\"><strong><strong>Ideas para organizar eventos \u00fanicos en tu academia de idiomas<\/strong><\/strong><\/h3>\n\n\n\n<p>Este calendario ha sido creado especialmente para profesores y directores de academias de idiomas. Te ayudar\u00e1 a <strong>planificar actividades y eventos tem\u00e1ticos<\/strong> que les encantar\u00e1n a tus estudiantes. \u00a1Descubre lo f\u00e1cil que es organizar un evento interesante y captar la atenci\u00f3n de tus alumnos!<\/p>\n\n\n\n<p><strong>Completa el formulario y descarga el ebook gratuito<\/strong><\/p>\n\n\n\n\n\n\n<h2 class=\"wp-block-heading\"><strong>\u00bfQu\u00e9 encontrar\u00e1s en el calendario para academias de idiomas?<\/strong><\/h2>\n\n\n\n<div class=\"wp-block-columns is-layout-flex wp-container-core-columns-layout-1 wp-block-columns-is-layout-flex\">\n<div class=\"wp-block-column is-layout-flow wp-block-column-is-layout-flow\">\n<p><\/p>\n\n\n\n<p>\u2705 Ideas creativas para actividades y talleres tem\u00e1ticos.<br>\u2705 Eventos atractivos dise\u00f1ados para captar nuevos estudiantes.<br>\u2705 Consejos pr\u00e1cticos para una organizaci\u00f3n eficiente y exitosa.<br>\u2705 Checklist para promocionar y garantizar el \u00e9xito de tus eventos.<\/p>\n<\/div>\n\n\n\n<div class=\"wp-block-column is-vertically-aligned-top is-layout-flow wp-block-column-is-layout-flow\"><div class=\"wp-block-image\">\n<figure class=\"alignright size-medium\"><img loading=\"lazy\" decoding=\"async\" width=\"300\" height=\"300\" src=\"https:\/\/blog.langlion.com\/es\/wp-content\/uploads\/2024\/12\/calendario-eventos-imagen-300x300.png\" alt=\"\" class=\"wp-image-6369\" style=\"aspect-ratio:1;object-fit:cover\"\/><\/figure><\/div><\/div>\n<\/div>\n\n\n\n<h3 class=\"wp-block-heading\"><strong>\u00bfPor qu\u00e9 deber\u00edas tenerlo?<\/strong><\/h3>\n\n\n\n<p>\u2728 <strong>Ahorra tiempo<\/strong> \u2013 todas las ideas e inspiraciones en un solo lugar, listas para que las uses.<br>\ud83d\ude4b\ud83c\udffb\u200d\u2640\ufe0f <strong>M\u00e1s participaci\u00f3n de los estudiantes<\/strong> \u2013 las clases tem\u00e1ticas motivan a aprender y ayudan a crear buenas relaciones.<br>\ud83d\ude80 <strong>Apoyo a tu marketing<\/strong> \u2013 los eventos tem\u00e1ticos son una gran oportunidad para promocionar tu academia y atraer nuevos alumnos.<br>\ud83d\udcdd <strong>Planificaci\u00f3n sencilla<\/strong> \u2013 el calendario te ayuda a prepararte con antelaci\u00f3n as\u00ed que siempre estar\u00e1s un paso adelante.<\/p>\n\n\n\n<p><strong><strong><strong>Destaca tu academia de idiomas y organiza eventos \u00fanicos<\/strong><\/strong><\/strong><\/p>\n\n\n\n\n\n\n<h3 class=\"wp-block-heading\"><\/h3>\n","protected":false},"excerpt":{"rendered":"<p>Ideas para organizar eventos \u00fanicos en tu academia de idiomas Este calendario ha sido creado especialmente para profesores y directores [&hellip;]<\/p>\n","protected":false},"author":24,"featured_media":0,"parent":0,"menu_order":0,"comment_status":"closed","ping_status":"closed","template":"landing.php","meta":{"footnotes":""},"_links":{"self":[{"href":"https:\/\/blog.langlion.com\/es\/wp-json\/wp\/v2\/pages\/6355"}],"collection":[{"href":"https:\/\/blog.langlion.com\/es\/wp-json\/wp\/v2\/pages"}],"about":[{"href":"https:\/\/blog.langlion.com\/es\/wp-json\/wp\/v2\/types\/page"}],"author":[{"embeddable":true,"href":"https:\/\/blog.langlion.com\/es\/wp-json\/wp\/v2\/users\/24"}],"replies":[{"embeddable":true,"href":"https:\/\/blog.langlion.com\/es\/wp-json\/wp\/v2\/comments?post=6355"}],"version-history":[{"count":22,"href":"https:\/\/blog.langlion.com\/es\/wp-json\/wp\/v2\/pages\/6355\/revisions"}],"predecessor-version":[{"id":6584,"href":"https:\/\/blog.langlion.com\/es\/wp-json\/wp\/v2\/pages\/6355\/revisions\/6584"}],"wp:attachment":[{"href":"https:\/\/blog.langlion.com\/es\/wp-json\/wp\/v2\/media?parent=6355"}],"curies":[{"name":"wp","href":"https:\/\/api.w.org\/{rel}","templated":true}]}}