{"id":3999,"date":"2018-07-17T11:57:10","date_gmt":"2018-07-17T10:57:10","guid":{"rendered":"http:\/\/blog.langlion.com\/es\/?page_id=3999"},"modified":"2025-01-15T11:11:48","modified_gmt":"2025-01-15T10:11:48","slug":"e-book-langlion-auditoria-de-marketing","status":"publish","type":"page","link":"https:\/\/blog.langlion.com\/es\/e-book-langlion-auditoria-de-marketing\/","title":{"rendered":"Auditor\u00eda de marketing para una academia de idiomas"},"content":{"rendered":"\n<p><strong>\u2192 \u00bfEst\u00e1s abriendo una academia de idiomas y el marketing es un misterio para ti? <br>\u2192 \u00bfYa est\u00e1s llevando a cabo acciones, pero no sabes si est\u00e1n dando los resultados deseados? <br>\u2192 \u00bfO quiz\u00e1s est\u00e1s buscando ideas para desarrollar tu estrategia de marketing?<\/strong><\/p>\n\n\n\n<p><span style=\"font-weight: 400;\">Aqu\u00ed tienes una checklist que te permitir\u00e1 revisar de manera sencilla y aut\u00f3noma tus acciones de marketing actuales y detectar \u00e1reas de mejora. Este an\u00e1lisis tambi\u00e9n te servir\u00e1 como un excelente punto de partida para planificar o actualizar tu estrategia de marketing y encontrar formas efectivas de atraer nuevos estudiantes.<\/span><\/p>\n\n\n\n<div class=\"wp-block-columns is-layout-flex wp-container-core-columns-layout-1 wp-block-columns-is-layout-flex\">\n<div class=\"wp-block-column is-layout-flow wp-block-column-is-layout-flow\" style=\"flex-basis:50%\">\n<p><b>Gu\u00eda de auditor\u00eda de marketing incluye:<\/b><\/p>\n\n\n\n<ul>\n<li>Hasta <span style=\"font-weight: 400;\"><strong>8 \u00e1reas clave del marketing<\/strong><\/span><\/li>\n\n\n\n<li><span style=\"font-weight: 400;\">M\u00e1s de <strong>50 propuestas de acciones<\/strong> para revisar<\/span><\/li>\n\n\n\n<li><span style=\"font-weight: 400;\">Una <strong>checklist en formato PDF<\/strong>, lista para imprimir<\/span><\/li>\n\n\n\n<li><span style=\"font-weight: 400;\">Un conjunto de <strong>pasos para construir la estrategia de marketing<\/strong> de tu academia de idiomas desde cero<\/span><\/li>\n<\/ul>\n\n\n\n<p><span style=\"font-weight: 400;\">Descubre que gestionar el marketing para una academia de idiomas no tiene por qu\u00e9 ser complicado. \u00a1Buena suerte! \ud83d\ude42<\/span><\/p>\n<\/div>\n\n\n\n<div class=\"wp-block-column is-layout-flow wp-block-column-is-layout-flow\" style=\"flex-basis:50%\">\n<figure class=\"wp-block-image size-full\"><img loading=\"lazy\" decoding=\"async\" width=\"800\" height=\"800\" src=\"https:\/\/blog.langlion.com\/es\/wp-content\/uploads\/2024\/09\/ES-LP-Audyt-marketingu.png\" alt=\"\" class=\"wp-image-6211\"\/><\/figure>\n<\/div>\n<\/div>\n\n\n\n<p><strong>\u00a1Completa el formulario y descarga el ebook gratuito!<\/strong><\/p>\n\n\n\n","protected":false},"excerpt":{"rendered":"<p>\u2192 \u00bfEst\u00e1s abriendo una academia de idiomas y el marketing es un misterio para ti? \u2192 \u00bfYa est\u00e1s llevando a [&hellip;]<\/p>\n","protected":false},"author":5,"featured_media":0,"parent":0,"menu_order":0,"comment_status":"closed","ping_status":"closed","template":"landing.php","meta":{"footnotes":""},"_links":{"self":[{"href":"https:\/\/blog.langlion.com\/es\/wp-json\/wp\/v2\/pages\/3999"}],"collection":[{"href":"https:\/\/blog.langlion.com\/es\/wp-json\/wp\/v2\/pages"}],"about":[{"href":"https:\/\/blog.langlion.com\/es\/wp-json\/wp\/v2\/types\/page"}],"author":[{"embeddable":true,"href":"https:\/\/blog.langlion.com\/es\/wp-json\/wp\/v2\/users\/5"}],"replies":[{"embeddable":true,"href":"https:\/\/blog.langlion.com\/es\/wp-json\/wp\/v2\/comments?post=3999"}],"version-history":[{"count":32,"href":"https:\/\/blog.langlion.com\/es\/wp-json\/wp\/v2\/pages\/3999\/revisions"}],"predecessor-version":[{"id":6495,"href":"https:\/\/blog.langlion.com\/es\/wp-json\/wp\/v2\/pages\/3999\/revisions\/6495"}],"wp:attachment":[{"href":"https:\/\/blog.langlion.com\/es\/wp-json\/wp\/v2\/media?parent=3999"}],"curies":[{"name":"wp","href":"https:\/\/api.w.org\/{rel}","templated":true}]}}